{"id":226,"date":"2024-12-13T20:59:11","date_gmt":"2024-12-13T18:59:11","guid":{"rendered":"https:\/\/kvinakjoreskole.no\/?page_id=226"},"modified":"2024-12-13T21:22:18","modified_gmt":"2024-12-13T19:22:18","slug":"velkommen-til-kvina-kjoreskole","status":"publish","type":"page","link":"https:\/\/kvinakjoreskole.no\/","title":{"rendered":"Velkommen til Kvina Kj\u00f8reskole"},"content":{"rendered":"\t\t<div data-elementor-type=\"wp-page\" data-elementor-id=\"226\" class=\"elementor elementor-226\">\n\t\t\t\t<div class=\"elementor-element elementor-element-3f71c1d e-con-full e-flex e-con e-parent\" data-id=\"3f71c1d\" data-element_type=\"container\">\n\t\t\t\t<div class=\"elementor-element elementor-element-8248ad7 elementor-widget elementor-widget-heading\" data-id=\"8248ad7\" data-element_type=\"widget\" data-widget_type=\"heading.default\">\n\t\t\t\t<div class=\"elementor-widget-container\">\n\t\t\t\t\t<h2 class=\"elementor-heading-title elementor-size-default\">Vi ruller igjen<\/h2>\t\t\t\t<\/div>\n\t\t\t\t<\/div>\n\t\t\t\t<div class=\"elementor-element elementor-element-483c5c40 elementor-widget elementor-widget-text-editor\" data-id=\"483c5c40\" data-element_type=\"widget\" data-widget_type=\"text-editor.default\">\n\t\t\t\t<div class=\"elementor-widget-container\">\n\t\t\t\t\t\t\t\t\t\n<p>Etter 25 \u00e5r starter vi igjen opp Kvina Kj\u00f8reskole. Lars Versland er daglig og faglig leder av skolen og har med seg Erik Rafoss som er nyutdannet trafikkl\u00e6rer.<\/p>\n<p>Vi tar i mot bestillinger p\u00e5 kj\u00f8retimer i klasse B (aut\/man) og trafikalt grunnkurs<\/p>\n\t\t\t\t\t\t\t\t<\/div>\n\t\t\t\t<\/div>\n\t\t\t\t<\/div>\n\t\t<div class=\"elementor-element elementor-element-f84e577 e-flex e-con-boxed e-con e-parent\" data-id=\"f84e577\" data-element_type=\"container\">\n\t\t\t\t\t<div class=\"e-con-inner\">\n\t\t\t\t\t<\/div>\n\t\t\t\t<\/div>\n\t\t\t\t<\/div>\n\t\t","protected":false},"excerpt":{"rendered":"<p>Vi ruller igjen Etter 25 \u00e5r starter vi igjen opp Kvina Kj\u00f8reskole. Lars Versland er daglig og faglig leder av skolen og har med seg Erik Rafoss som er nyutdannet trafikkl\u00e6rer. Vi tar i mot bestillinger p\u00e5 kj\u00f8retimer i klasse B (aut\/man) og trafikalt grunnkurs<\/p>\n","protected":false},"author":2,"featured_media":16,"parent":0,"menu_order":0,"comment_status":"closed","ping_status":"closed","template":"","meta":{"footnotes":""},"_links":{"self":[{"href":"https:\/\/kvinakjoreskole.no\/index.php?rest_route=\/wp\/v2\/pages\/226"}],"collection":[{"href":"https:\/\/kvinakjoreskole.no\/index.php?rest_route=\/wp\/v2\/pages"}],"about":[{"href":"https:\/\/kvinakjoreskole.no\/index.php?rest_route=\/wp\/v2\/types\/page"}],"author":[{"embeddable":true,"href":"https:\/\/kvinakjoreskole.no\/index.php?rest_route=\/wp\/v2\/users\/2"}],"replies":[{"embeddable":true,"href":"https:\/\/kvinakjoreskole.no\/index.php?rest_route=%2Fwp%2Fv2%2Fcomments&post=226"}],"version-history":[{"count":10,"href":"https:\/\/kvinakjoreskole.no\/index.php?rest_route=\/wp\/v2\/pages\/226\/revisions"}],"predecessor-version":[{"id":245,"href":"https:\/\/kvinakjoreskole.no\/index.php?rest_route=\/wp\/v2\/pages\/226\/revisions\/245"}],"wp:featuredmedia":[{"embeddable":true,"href":"https:\/\/kvinakjoreskole.no\/index.php?rest_route=\/wp\/v2\/media\/16"}],"wp:attachment":[{"href":"https:\/\/kvinakjoreskole.no\/index.php?rest_route=%2Fwp%2Fv2%2Fmedia&parent=226"}],"curies":[{"name":"wp","href":"https:\/\/api.w.org\/{rel}","templated":true}]}}