{"id":49,"date":"2024-07-11T07:55:02","date_gmt":"2024-07-11T07:55:02","guid":{"rendered":"https:\/\/kvinakjoreskole.no\/?page_id=49"},"modified":"2024-10-16T15:54:45","modified_gmt":"2024-10-16T13:54:45","slug":"bestill-time","status":"publish","type":"page","link":"https:\/\/kvinakjoreskole.no\/?page_id=49","title":{"rendered":"Om oss"},"content":{"rendered":"\t\t<div data-elementor-type=\"wp-page\" data-elementor-id=\"49\" class=\"elementor elementor-49\">\n\t\t\t\t<div class=\"elementor-element elementor-element-247dd1f5 e-con-full e-flex e-con e-parent\" data-id=\"247dd1f5\" data-element_type=\"container\">\n\t\t\t\t<div class=\"elementor-element elementor-element-5a3a0050 elementor-widget elementor-widget-text-editor\" data-id=\"5a3a0050\" data-element_type=\"widget\" data-widget_type=\"text-editor.default\">\n\t\t\t\t<div class=\"elementor-widget-container\">\n\t\t\t\t\t\t\t\t\t\n<h2 class=\"wp-block-heading\"><strong>Vi er for tiden to trafikkl\u00e6rere i Kvina Kj\u00f8reskole. <\/strong><\/h2>\n\n<p><strong>Vi tilbyr oppl\u00e6ring i f\u00f8rerkortklassene B og B-automat. I tillegg holder vi trafikalt grunnkurs.<\/strong><\/p>\n<h1>Vi setter ogs\u00e5 opp andre kurs dersom det skulle v\u00e6re behov<\/h1>\n\n<div class=\"wp-block-columns is-layout-flex wp-container-core-columns-is-layout-2 wp-block-columns-is-layout-flex\">\n<div class=\"wp-block-column is-layout-flow wp-block-column-is-layout-flow\" style=\"flex-basis: 100%;\">\n<div class=\"wp-block-media-text is-stacked-on-mobile\">\n<figure class=\"wp-block-media-text__media\"><img fetchpriority=\"high\" decoding=\"async\" width=\"683\" height=\"1024\" class=\"wp-image-104 size-full\" src=\"https:\/\/kvinakjoreskole.no\/wp-content\/uploads\/2024\/07\/Lars03-2-683x1024.jpg\" alt=\"\" srcset=\"https:\/\/kvinakjoreskole.no\/wp-content\/uploads\/2024\/07\/Lars03-2-683x1024.jpg 683w, https:\/\/kvinakjoreskole.no\/wp-content\/uploads\/2024\/07\/Lars03-2-200x300.jpg 200w, https:\/\/kvinakjoreskole.no\/wp-content\/uploads\/2024\/07\/Lars03-2-768x1152.jpg 768w, https:\/\/kvinakjoreskole.no\/wp-content\/uploads\/2024\/07\/Lars03-2-1024x1536.jpg 1024w, https:\/\/kvinakjoreskole.no\/wp-content\/uploads\/2024\/07\/Lars03-2.jpg 1181w\" sizes=\"(max-width: 683px) 100vw, 683px\" \/><\/figure>\n<div class=\"wp-block-media-text__content\">\n<p><strong>Lars Versland er daglig leder og faglig leder for Kvina Kj\u00f8reskole.<\/strong><\/p>\n\n<p><strong>Lars har lang tid i bransjen b\u00e5de som trafikkl\u00e6rer, sensor ved Statens Vegvesen og universitetslektor for trafikkl\u00e6rerstudiet ved Oslo MET.<\/strong><\/p>\n\n<p><strong>1999 avsluttet han Kvina Kj\u00f8reskole etter \u00e5 ha drevet trafikkskole i 20 \u00e5r.<\/strong><\/p>\n\n<p><strong>N\u00e5 er Lars tilbake i manesjen og gleder seg til \u00e5 treffe nye elever.<\/strong><\/p>\n<\/div>\n<\/div>\n<\/div>\n<\/div>\n\n<div class=\"wp-block-media-text is-stacked-on-mobile\">\n<figure class=\"wp-block-media-text__media\"><img decoding=\"async\" width=\"682\" height=\"1024\" class=\"wp-image-105 size-full\" src=\"https:\/\/kvinakjoreskole.no\/wp-content\/uploads\/2024\/07\/Erik07-2-682x1024.jpg\" alt=\"\" srcset=\"https:\/\/kvinakjoreskole.no\/wp-content\/uploads\/2024\/07\/Erik07-2-682x1024.jpg 682w, https:\/\/kvinakjoreskole.no\/wp-content\/uploads\/2024\/07\/Erik07-2-200x300.jpg 200w, https:\/\/kvinakjoreskole.no\/wp-content\/uploads\/2024\/07\/Erik07-2-768x1152.jpg 768w, https:\/\/kvinakjoreskole.no\/wp-content\/uploads\/2024\/07\/Erik07-2-1024x1536.jpg 1024w, https:\/\/kvinakjoreskole.no\/wp-content\/uploads\/2024\/07\/Erik07-2.jpg 1181w\" sizes=\"(max-width: 682px) 100vw, 682px\" \/><\/figure>\n<div class=\"wp-block-media-text__content\">\n<p><strong>Erik Rafoss er nyutdannet trafikkl\u00e6rer i 2024.<\/strong><\/p>\n\n<p><strong>Med et bredt kontaktnett i Kvinesdal har han valgt \u00e5 knytte seg til Kvina Kj\u00f8reskole<\/strong><\/p>\n<\/div>\n<\/div>\n\t\t\t\t\t\t\t\t<\/div>\n\t\t\t\t<\/div>\n\t\t\t\t<\/div>\n\t\t\t\t<\/div>\n\t\t","protected":false},"excerpt":{"rendered":"<p>Vi er for tiden to trafikkl\u00e6rere i Kvina Kj\u00f8reskole. Vi tilbyr oppl\u00e6ring i f\u00f8rerkortklassene B og B-automat. I tillegg holder vi trafikalt grunnkurs. Vi setter ogs\u00e5 opp andre kurs dersom det skulle v\u00e6re behov Lars Versland er daglig leder og faglig leder for Kvina Kj\u00f8reskole. Lars har lang tid i bransjen b\u00e5de som trafikkl\u00e6rer, sensor [&hellip;]<\/p>\n","protected":false},"author":2,"featured_media":0,"parent":0,"menu_order":0,"comment_status":"closed","ping_status":"closed","template":"","meta":{"footnotes":""},"_links":{"self":[{"href":"https:\/\/kvinakjoreskole.no\/index.php?rest_route=\/wp\/v2\/pages\/49"}],"collection":[{"href":"https:\/\/kvinakjoreskole.no\/index.php?rest_route=\/wp\/v2\/pages"}],"about":[{"href":"https:\/\/kvinakjoreskole.no\/index.php?rest_route=\/wp\/v2\/types\/page"}],"author":[{"embeddable":true,"href":"https:\/\/kvinakjoreskole.no\/index.php?rest_route=\/wp\/v2\/users\/2"}],"replies":[{"embeddable":true,"href":"https:\/\/kvinakjoreskole.no\/index.php?rest_route=%2Fwp%2Fv2%2Fcomments&post=49"}],"version-history":[{"count":9,"href":"https:\/\/kvinakjoreskole.no\/index.php?rest_route=\/wp\/v2\/pages\/49\/revisions"}],"predecessor-version":[{"id":206,"href":"https:\/\/kvinakjoreskole.no\/index.php?rest_route=\/wp\/v2\/pages\/49\/revisions\/206"}],"wp:attachment":[{"href":"https:\/\/kvinakjoreskole.no\/index.php?rest_route=%2Fwp%2Fv2%2Fmedia&parent=49"}],"curies":[{"name":"wp","href":"https:\/\/api.w.org\/{rel}","templated":true}]}}