{"id":83,"date":"2024-07-12T12:21:51","date_gmt":"2024-07-12T11:21:51","guid":{"rendered":"https:\/\/kvinakjoreskole.no\/?page_id=83"},"modified":"2026-03-22T14:46:03","modified_gmt":"2026-03-22T12:46:03","slug":"vare-priser","status":"publish","type":"page","link":"https:\/\/kvinakjoreskole.no\/?page_id=83","title":{"rendered":"V\u00e5re priser"},"content":{"rendered":"\t\t<div data-elementor-type=\"wp-page\" data-elementor-id=\"83\" class=\"elementor elementor-83\">\n\t\t\t\t<div class=\"elementor-element elementor-element-18c4b8f3 e-flex e-con-boxed e-con e-parent\" data-id=\"18c4b8f3\" data-element_type=\"container\">\n\t\t\t\t\t<div class=\"e-con-inner\">\n\t\t\t\t<div class=\"elementor-element elementor-element-26fc75d5 elementor-widget elementor-widget-text-editor\" data-id=\"26fc75d5\" data-element_type=\"widget\" data-widget_type=\"text-editor.default\">\n\t\t\t\t<div class=\"elementor-widget-container\">\n\t\t\t\t\t\t\t\t\t\n<figure class=\"wp-block-table\">\n<table>\n<tbody>\n<tr>\n<td class=\"has-text-align-left\" data-align=\"left\"><strong>Kj\u00f8retimer<\/strong> (Man\/aut 45 min)<\/td>\n<td><strong>880,-<\/strong><\/td>\n<\/tr>\n<tr>\n<td class=\"has-text-align-left\" data-align=\"left\"><strong>Kj\u00f8retime 60 min\u00a0<\/strong><small>(Man\/aut 60\u00a0min)<\/small><\/td>\n<td><strong>1.120,-<\/strong><\/td>\n<\/tr>\n<tr>\n<td class=\"has-text-align-left\" data-align=\"left\"><strong>Trinnvurdering trinn 2\u00a0<small>(45\u00a0min)<\/small><\/strong> <strong>Obl<\/strong><\/td>\n<td><strong>880,-<\/strong><\/td>\n<\/tr>\n<tr>\n<td class=\"has-text-align-left\" data-align=\"left\"><strong>Trinnvurdering trinn 3\u00a0<small>(60\u00a0min)<\/small><\/strong> <strong>Obl<\/strong><\/td>\n<td><strong>1.200,-<\/strong><\/td>\n<\/tr>\n<tr>\n<td class=\"has-text-align-left\" data-align=\"left\"><strong>Oppvarmingstime<\/strong><\/td>\n<td><strong>880,-<\/strong><\/td>\n<\/tr>\n<tr>\n<td class=\"has-text-align-left\" data-align=\"left\"><strong>Pr\u00f8vetime<\/strong><\/td>\n<td><strong>880,-<\/strong><\/td>\n<\/tr>\n<tr>\n<td class=\"has-text-align-left\" data-align=\"left\">\u00a0<\/td>\n<td>\u00a0<\/td>\n<\/tr>\n<tr>\n<td class=\"has-text-align-left\" data-align=\"left\"><strong>Sikkerhetskurs p\u00e5 \u00f8vingsbane 3.10<\/strong><br \/>Kj\u00f8ring til og fra banen og gebyr til NAF \u00f8vingsbane kommer i tillegg<\/td>\n<td><strong>5.000,-<\/strong><\/td>\n<\/tr>\n<tr>\n<td class=\"has-text-align-left\" data-align=\"left\"><strong>4.1.1 Bilkj\u00f8ringens risiko\u00a0<small>(90\u00a0min)<\/small> Obl<\/strong><\/td>\n<td><strong>880,-<\/strong><\/td>\n<\/tr>\n<tr>\n<td class=\"has-text-align-left\" data-align=\"left\"><strong>4.1.2 Kj\u00f8ring i landeveismilj\u00f8\u00a0<small>(225\u00a0min)<\/small> Obl<\/strong><\/td>\n<td><strong>4.450,-<\/strong><\/td>\n<\/tr>\n<tr>\n<td class=\"has-text-align-left\" data-align=\"left\"><strong>4.1.3 Planlegging og kj\u00f8ring i variert milj\u00f8\u00a0<small>(180\u00a0min)<\/small> Obl<\/strong><\/td>\n<td><strong>3.560,-<\/strong><\/td>\n<\/tr>\n<tr>\n<td class=\"has-text-align-left\" data-align=\"left\"><strong>4.1.4 Refleksjon og oppsummering\u00a0<small>(90\u00a0min)<\/small> Obl<\/strong><\/td>\n<td><strong>880,-<\/strong><\/td>\n<\/tr>\n<tr>\n<td class=\"has-text-align-left\" data-align=\"left\">Baneleie<\/td>\n<td>\u00a0<\/td>\n<\/tr>\n<tr>\n<td class=\"has-text-align-left\" data-align=\"left\"><strong><sub><kbd>Obl=Obligatorisk<\/kbd><\/sub><\/strong><\/td>\n<td>\u00a0<\/td>\n<\/tr>\n<tr>\n<td class=\"has-text-align-left\" data-align=\"left\"><strong>Leie av bil til oppkj\u00f8ring<\/strong><\/td>\n<td><strong>2.000,-<\/strong><\/td>\n<\/tr>\n<tr>\n<td class=\"has-text-align-left\" data-align=\"left\">\u00a0<\/td>\n<td>\u00a0<\/td>\n<\/tr>\n<tr>\n<td class=\"has-text-align-left\" data-align=\"left\"><strong>Trafikalt grunnkurs<\/strong><br \/>10 timer fordelt p\u00e5 4 samlinger\u00a0<\/td>\n<td><strong>900,-<\/strong><\/td>\n<\/tr>\n<tr>\n<td class=\"has-text-align-left\" data-align=\"left\"><strong>Trafikant i m\u00f8rke<\/strong><\/td>\n<td><strong>1.900,-<\/strong><\/td>\n<\/tr>\n<tr>\n<td class=\"has-text-align-left\" data-align=\"left\"><strong>F\u00f8rstehjelp<\/strong><\/td>\n<td><strong>900,-<\/strong><\/td>\n<\/tr>\n<\/tbody>\n<\/table>\n<figcaption class=\"wp-element-caption\"><a href=\"https:\/\/lovdata.no\/dokument\/SF\/forskrift\/2004-10-01-1339\/kap8#kap8\" target=\"_blank\" rel=\"noreferrer noopener\">Se trafikkoppl\u00e6ringsforskriften paragraf 8<\/a><\/figcaption>\n<\/figure>\n\n<p><a href=\"https:\/\/www.vegvesen.no\/forerkort\/ta-forerkort\/priser\/\" target=\"_blank\" rel=\"noreferrer noopener\">Priser Statens Vegvesen<\/a><\/p>\n\t\t\t\t\t\t\t\t<\/div>\n\t\t\t\t<\/div>\n\t\t\t\t\t<\/div>\n\t\t\t\t<\/div>\n\t\t\t\t<\/div>\n\t\t","protected":false},"excerpt":{"rendered":"<p>Kj\u00f8retimer (Man\/aut 45 min) 880,- Kj\u00f8retime 60 min\u00a0(Man\/aut 60\u00a0min) 1.120,- Trinnvurdering trinn 2\u00a0(45\u00a0min) Obl 880,- Trinnvurdering trinn 3\u00a0(60\u00a0min) Obl 1.200,- Oppvarmingstime 880,- Pr\u00f8vetime 880,- \u00a0 \u00a0 Sikkerhetskurs p\u00e5 \u00f8vingsbane 3.10Kj\u00f8ring til og fra banen og gebyr til NAF \u00f8vingsbane kommer i tillegg 5.000,- 4.1.1 Bilkj\u00f8ringens risiko\u00a0(90\u00a0min) Obl 880,- 4.1.2 Kj\u00f8ring i landeveismilj\u00f8\u00a0(225\u00a0min) Obl 4.450,- 4.1.3 [&hellip;]<\/p>\n","protected":false},"author":1,"featured_media":0,"parent":0,"menu_order":0,"comment_status":"closed","ping_status":"closed","template":"","meta":{"footnotes":""},"_links":{"self":[{"href":"https:\/\/kvinakjoreskole.no\/index.php?rest_route=\/wp\/v2\/pages\/83"}],"collection":[{"href":"https:\/\/kvinakjoreskole.no\/index.php?rest_route=\/wp\/v2\/pages"}],"about":[{"href":"https:\/\/kvinakjoreskole.no\/index.php?rest_route=\/wp\/v2\/types\/page"}],"author":[{"embeddable":true,"href":"https:\/\/kvinakjoreskole.no\/index.php?rest_route=\/wp\/v2\/users\/1"}],"replies":[{"embeddable":true,"href":"https:\/\/kvinakjoreskole.no\/index.php?rest_route=%2Fwp%2Fv2%2Fcomments&post=83"}],"version-history":[{"count":17,"href":"https:\/\/kvinakjoreskole.no\/index.php?rest_route=\/wp\/v2\/pages\/83\/revisions"}],"predecessor-version":[{"id":302,"href":"https:\/\/kvinakjoreskole.no\/index.php?rest_route=\/wp\/v2\/pages\/83\/revisions\/302"}],"wp:attachment":[{"href":"https:\/\/kvinakjoreskole.no\/index.php?rest_route=%2Fwp%2Fv2%2Fmedia&parent=83"}],"curies":[{"name":"wp","href":"https:\/\/api.w.org\/{rel}","templated":true}]}}