{"id":96,"date":"2024-07-12T12:27:33","date_gmt":"2024-07-12T11:27:33","guid":{"rendered":"https:\/\/kvinakjoreskole.no\/?page_id=96"},"modified":"2024-07-12T12:35:42","modified_gmt":"2024-07-12T11:35:42","slug":"elevsider-tabs","status":"publish","type":"page","link":"https:\/\/kvinakjoreskole.no\/?page_id=96","title":{"rendered":"Elevsider TABS"},"content":{"rendered":"\n<p><strong>Last ned appen p\u00e5 din mobiltelefon trykk p\u00e5 lenken under<\/strong><\/p>\n\n\n\n<p><a href=\"http:\/\/www.tabs.no\/start\">F\u00e5 full kontroll p\u00e5 din oppl\u00e6ring hos Kvina Kj\u00f8reskole<\/a><\/p>\n","protected":false},"excerpt":{"rendered":"<p>Last ned appen p\u00e5 din mobiltelefon trykk p\u00e5 lenken under F\u00e5 full kontroll p\u00e5 din oppl\u00e6ring hos Kvina Kj\u00f8reskole<\/p>\n","protected":false},"author":2,"featured_media":0,"parent":0,"menu_order":0,"comment_status":"closed","ping_status":"closed","template":"","meta":{"footnotes":""},"_links":{"self":[{"href":"https:\/\/kvinakjoreskole.no\/index.php?rest_route=\/wp\/v2\/pages\/96"}],"collection":[{"href":"https:\/\/kvinakjoreskole.no\/index.php?rest_route=\/wp\/v2\/pages"}],"about":[{"href":"https:\/\/kvinakjoreskole.no\/index.php?rest_route=\/wp\/v2\/types\/page"}],"author":[{"embeddable":true,"href":"https:\/\/kvinakjoreskole.no\/index.php?rest_route=\/wp\/v2\/users\/2"}],"replies":[{"embeddable":true,"href":"https:\/\/kvinakjoreskole.no\/index.php?rest_route=%2Fwp%2Fv2%2Fcomments&post=96"}],"version-history":[{"count":5,"href":"https:\/\/kvinakjoreskole.no\/index.php?rest_route=\/wp\/v2\/pages\/96\/revisions"}],"predecessor-version":[{"id":102,"href":"https:\/\/kvinakjoreskole.no\/index.php?rest_route=\/wp\/v2\/pages\/96\/revisions\/102"}],"wp:attachment":[{"href":"https:\/\/kvinakjoreskole.no\/index.php?rest_route=%2Fwp%2Fv2%2Fmedia&parent=96"}],"curies":[{"name":"wp","href":"https:\/\/api.w.org\/{rel}","templated":true}]}}